{"id":78,"date":"2026-04-21T10:29:31","date_gmt":"2026-04-21T10:29:31","guid":{"rendered":"https:\/\/diy.hellulandia.fi\/services\/"},"modified":"2026-04-21T13:57:46","modified_gmt":"2026-04-21T13:57:46","slug":"services","status":"publish","type":"page","link":"https:\/\/diy.hellulandia.fi\/?page_id=78","title":{"rendered":"Palveluita"},"content":{"rendered":"\n\n\nPalvelut\n\n\n\n\n\nPalvelut\nPalvelut\nMe tarjoamme r\u00e4\u00e4t\u00e4l\u00f6ityj\u00e4 tuotteita, jotka perustuvat asiakkaidemme ideoihin ja tarpeisiin, ilman turhaa hienostelua.\n\n\n01\nSublimaatiomukit\nKest\u00e4v\u00e4t ter\u00e4skarabiinimukimme valmistetaan sublimaatiolla, ja ne ovat t\u00e4ydellisi\u00e4 jokap\u00e4iv\u00e4iseen k\u00e4ytt\u00f6\u00f6n sek\u00e4 lahjaksi. Mukit ovat v\u00e4rikk\u00e4it\u00e4, k\u00e4yt\u00e4nn\u00f6llisi\u00e4 ja kest\u00e4vi\u00e4.\n\n\n\n\n02\nPosliinimukit\nTarjoamme my\u00f6s kauniita posliinimukeja, jotka toimivat arjessa ja tarjoavat mukavia yll\u00e4tyksi\u00e4 lahjaksi. Mukit ovat saatavilla useissa eri malleissa ja v\u00e4reiss\u00e4.\n\n\n\n\n03\nTaikamukit\nTaikamukit viev\u00e4t juomahetken aivan uudelle tasolle, sill\u00e4 kuva tai teksti ilmestyy esiin kuuman juoman my\u00f6t\u00e4, tarjoten k\u00e4ytt\u00e4j\u00e4lle miellytt\u00e4v\u00e4n yll\u00e4tyksen.\n\n\n\n\n04\nHellulandian maskottimuki\nMaskottimukissamme on mahdollisuus lis\u00e4t\u00e4 nopea ja tunnistettava br\u00e4nditarramme, joka tuo tuotteen henkil\u00f6kohtaiseksi ja ainutlaatuiseksi edustajaksi.\n\n\n\n\n05\nPinssit ja magneetit\nValmistamme pinnej\u00e4 ja j\u00e4\u00e4kaappimagneetteja erilaisissa kookokoissa, jotka ovat t\u00e4ydellisi\u00e4 lahjaksi tai ker\u00e4ilyyn.\n\n\n\n\n06\nKorupaja\nKorupajassamme asiakkaat voivat rakentaa oman avaimenper\u00e4n tai rannekorun valitsemalla hurmaavia charm-osia suoraan p\u00f6yd\u00e4lt\u00e4, luoden n\u00e4in t\u00e4ysin omann\u00e4k\u00f6isen tuotteen.\n\n\n\n\n\n\nTule mukaan\nTutustu palveluihimme ja ota seuraava askel luovuuden maailmaan. Me olemme t\u00e4\u00e4ll\u00e4 auttamassa sinua!\n\n\n\n\n\n\nOminaisuudet\nHellulandia tarjoaa laajan valikoiman kiehtovia ja ainutlaatuisia ominaisuuksia, jotka tekev\u00e4t tuotteistamme erityisi\u00e4 ja unohtumattomia.\n\n\n<span style=\"margin: 15px 0px;  color: #616161\";>Tuotteemme toteutetaan nopeasti ja tehokkaasti, ilman pitk\u00e4\u00e4 odottelua; ideaalista silloin kun inspiraatio iskee.<\/span>\n\n\n<span style=\"margin: 15px 0px;  color: #616161\">Luomme v\u00e4rikk\u00e4it\u00e4 ja ainutlaatuisia designs, jotka tekev\u00e4t jokaisesta mukista ja tuotteesta erottuvan.<\/span>\n\n\n<span style=\"margin: 15px 0px;  color: #616161;\">Kaikki tuotteemme on valmistettu laadukkaista materiaaleista, jotka takaavat pitk\u00e4n k\u00e4ytt\u00f6i\u00e4n ja tyytyv\u00e4isyyden.<\/span>\n\n\n\n\n\n\n\n\n\n\n\n\n\n\n\n\n\n\n\n\n\nHintasuunnitelmat\nTarjoamme kohtuuhintaisia ja joustavia suunnitelmia, jotka sopivat erikokoisiin tarpeisiin.\n\n\nPerussuunnitelma\n$9,999\n\n\n\n\nSis\u00e4lt\u00e4\u00e4 laajan tuotevalikoiman\nS\u00e4\u00e4nn\u00f6lliset tarjoukset ja kampanjat\nErityiset alennukset suurista tilauksista\nYksinkertainen ja selke\u00e4 tilausprosessi\n24\/7 asiakaspalvelu\n\n\n\n\n\nPremium-suunnitelma\n$49,999\n\n\n\n\nSis\u00e4lt\u00e4\u00e4 laajan tuotevalikoiman\nS\u00e4\u00e4nn\u00f6lliset tarjoukset ja kampanjat\nErityiset alennukset suurista tilauksista\nYksinkertainen ja selke\u00e4 tilausprosessi\n24\/7 asiakaspalvelu\n\n\n","protected":false},"excerpt":{"rendered":"","protected":false},"author":1,"featured_media":0,"parent":0,"menu_order":0,"comment_status":"closed","ping_status":"closed","template":"","meta":{"pagelayer_contact_templates":[],"_pagelayer_content":"","footnotes":""},"class_list":["post-78","page","type-page","status-publish","hentry"],"_links":{"self":[{"href":"https:\/\/diy.hellulandia.fi\/index.php?rest_route=\/wp\/v2\/pages\/78","targetHints":{"allow":["GET"]}}],"collection":[{"href":"https:\/\/diy.hellulandia.fi\/index.php?rest_route=\/wp\/v2\/pages"}],"about":[{"href":"https:\/\/diy.hellulandia.fi\/index.php?rest_route=\/wp\/v2\/types\/page"}],"author":[{"embeddable":true,"href":"https:\/\/diy.hellulandia.fi\/index.php?rest_route=\/wp\/v2\/users\/1"}],"replies":[{"embeddable":true,"href":"https:\/\/diy.hellulandia.fi\/index.php?rest_route=%2Fwp%2Fv2%2Fcomments&post=78"}],"version-history":[{"count":2,"href":"https:\/\/diy.hellulandia.fi\/index.php?rest_route=\/wp\/v2\/pages\/78\/revisions"}],"predecessor-version":[{"id":229,"href":"https:\/\/diy.hellulandia.fi\/index.php?rest_route=\/wp\/v2\/pages\/78\/revisions\/229"}],"wp:attachment":[{"href":"https:\/\/diy.hellulandia.fi\/index.php?rest_route=%2Fwp%2Fv2%2Fmedia&parent=78"}],"curies":[{"name":"wp","href":"https:\/\/api.w.org\/{rel}","templated":true}]}}