{"id":92,"date":"2026-04-21T10:35:53","date_gmt":"2026-04-21T10:35:53","guid":{"rendered":"https:\/\/diy.hellulandia.fi\/?page_id=92"},"modified":"2026-04-21T11:16:30","modified_gmt":"2026-04-21T11:16:30","slug":"sublimoidut-karabiinimukit","status":"publish","type":"page","link":"https:\/\/diy.hellulandia.fi\/?page_id=92","title":{"rendered":"SUBLIMOIDUT KARABIINIMUKIT"},"content":{"rendered":"\n\n\n<span style=\"color: rgb(0, 0, 0); font-family: Quicksand; font-size: 40px; letter-spacing: normal; text-transform: none; text-decoration-style: initial;\">Ei turhaa s\u00e4\u00e4t\u00f6\u00e4. Ei hienostelua. Vaan suora lopputulos.<\/span><span style=\"color: rgb(0, 0, 0); font-family: Quicksand; font-size: 40px; letter-spacing: normal; text-transform: none; text-decoration-style: initial;\">&nbsp;<\/span>\n<img decoding=\"async\" draggable=\"true\" role=\"img\" class=\"emoji\" alt=\"\ud83d\uded2\" src=\"https:\/\/s.w.org\/images\/core\/emoji\/17.0.2\/svg\/1f6d2.svg\" style=\"color: rgb(0, 0, 0); font-family: nunito; font-size: 16px; font-weight: 400; text-decoration-style: initial;\"><span style=\"color: rgb(0, 0, 0); font-family: nunito; font-size: 16px; font-weight: 400; text-decoration-style: initial;\">&nbsp;TEE OMA KARABIINIMUKI&nbsp;<\/span><img decoding=\"async\" draggable=\"true\" role=\"img\" class=\"emoji\" alt=\"\ud83d\udc49\" src=\"https:\/\/s.w.org\/images\/core\/emoji\/17.0.2\/svg\/1f449.svg\" style=\"color: rgb(0, 0, 0); font-family: nunito; font-size: 16px; font-weight: 400; text-decoration-style: initial;\"><span style=\"color: rgb(0, 0, 0); font-family: nunito; font-size: 16px; font-weight: 400; text-decoration-style: initial;\">&nbsp;valitse pohja&nbsp;<\/span><img decoding=\"async\" draggable=\"true\" role=\"img\" class=\"emoji\" alt=\"\ud83d\udc49\" src=\"https:\/\/s.w.org\/images\/core\/emoji\/17.0.2\/svg\/1f449.svg\" style=\"color: rgb(0, 0, 0); font-family: nunito; font-size: 16px; font-weight: 400; text-decoration-style: initial;\"><span style=\"color: rgb(0, 0, 0); font-family: nunito; font-size: 16px; font-weight: 400; text-decoration-style: initial;\">&nbsp;lis\u00e4\u00e4 kuva tai teksti&nbsp;<\/span><img decoding=\"async\" draggable=\"true\" role=\"img\" class=\"emoji\" alt=\"\ud83d\udc49\" src=\"https:\/\/s.w.org\/images\/core\/emoji\/17.0.2\/svg\/1f449.svg\" style=\"color: rgb(0, 0, 0); font-family: nunito; font-size: 16px; font-weight: 400; text-decoration-style: initial;\"><span style=\"color: rgb(0, 0, 0); font-family: nunito; font-size: 16px; font-weight: 400; text-decoration-style: initial;\">&nbsp;me tehd\u00e4\u00e4n siit\u00e4 valmis <\/span><img draggable=\"true\" role=\"img\" <=\"\" div=\"\" style=\"color: rgb(0, 0, 0); font-family: nunito; font-size: 16px; font-weight: 400; text-decoration-style: initial;\">\nKARABIINIMUKIT\n\n<img decoding=\"async\" draggable=\"true\" role=\"img\" class=\"emoji\" alt=\"\ud83d\udd25\" src=\"https:\/\/s.w.org\/images\/core\/emoji\/17.0.2\/svg\/1f525.svg\"> Ronski muki, joka kulkee mukana kaikkialle\nSublimoitu karabiinimuki ei ole mik\u00e4\u00e4n kaappikoriste. Se on mukana siell\u00e4, miss\u00e4 el\u00e4m\u00e4 tapahtuu \u2013 reissussa, ty\u00f6ss\u00e4, pihalla, moottoripy\u00f6r\u00e4n sel\u00e4ss\u00e4 tai miss\u00e4 nyt kahvi sattuu kulkemaan mukana.\nT\u00e4m\u00e4 on muki ihmiselle, joka ei jaksa varoa mukia.\n<p>\n<img decoding=\"async\" draggable=\"true\" role=\"img\" class=\"emoji\" alt=\"\ud83d\udee0\ufe0f\" src=\"https:\/\/s.w.org\/images\/core\/emoji\/17.0.2\/svg\/1f6e0.svg\"> MIT\u00c4 \u201cSUBLIMOITU\u201d TARKOITTAA?\nSublimaatio tarkoittaa, ett\u00e4 kuva tai teksti painetaan suoraan mukin pintaan kuumaprosessilla.\n<img decoding=\"async\" draggable=\"true\" role=\"img\" class=\"emoji\" alt=\"\ud83d\udc49\" src=\"https:\/\/s.w.org\/images\/core\/emoji\/17.0.2\/svg\/1f449.svg\"> ei tarroja\n<img decoding=\"async\" draggable=\"true\" role=\"img\" class=\"emoji\" alt=\"\ud83d\udc49\" src=\"https:\/\/s.w.org\/images\/core\/emoji\/17.0.2\/svg\/1f449.svg\"> ei hilseily\u00e4\n<img decoding=\"async\" draggable=\"true\" role=\"img\" class=\"emoji\" alt=\"\ud83d\udc49\" src=\"https:\/\/s.w.org\/images\/core\/emoji\/17.0.2\/svg\/1f449.svg\"> ei \u201cl\u00e4hti pesussa pois\u201d -ongelmia  \nVaan:\nkest\u00e4v\u00e4 painatus\nkirkas kuva\npitk\u00e4 k\u00e4ytt\u00f6ik\u00e4  \n<img decoding=\"async\" draggable=\"true\" role=\"img\" class=\"emoji\" alt=\"\ud83d\udd17\" src=\"https:\/\/s.w.org\/images\/core\/emoji\/17.0.2\/svg\/1f517.svg\"><\/p>\n<p> KARABIINIMUKI \u2013 MUKI JOKA EI J\u00c4\u00c4 P\u00d6YD\u00c4LLE\nKarabiinilenkki tekee t\u00e4st\u00e4 eri tason mukin. Voit:  \n\nripustaa sen reppuun  \n\nottaa mukaan moottoripy\u00f6r\u00e4reissulle  \n\nkiinnitt\u00e4\u00e4 varusteisiin  \n\npit\u00e4\u00e4 mukana ilman ett\u00e4 se on tiell\u00e4\n\nT\u00e4m\u00e4 ei j\u00e4\u00e4 keitti\u00f6\u00f6n seisomaan.<\/p>\n<p><img decoding=\"async\" draggable=\"true\" role=\"img\" class=\"emoji\" alt=\"\ud83d\uddbc\ufe0f\" src=\"https:\/\/s.w.org\/images\/core\/emoji\/17.0.2\/svg\/1f5bc.svg\"> TEE SIIT\u00c4 OMA\nVoit personoida mukin:\n<img decoding=\"async\" draggable=\"true\" role=\"img\" class=\"emoji\" alt=\"\ud83d\uddbc\ufe0f\" src=\"https:\/\/s.w.org\/images\/core\/emoji\/17.0.2\/svg\/1f5bc.svg\"> max 5 kuvaa\n<img decoding=\"async\" draggable=\"true\" role=\"img\" class=\"emoji\" alt=\"\u270d\ufe0f\" src=\"https:\/\/s.w.org\/images\/core\/emoji\/17.0.2\/svg\/270d.svg\"> max 5 teksti\u00e4  \n<img decoding=\"async\" draggable=\"true\" role=\"img\" class=\"emoji\" alt=\"\ud83d\udc49\" src=\"https:\/\/s.w.org\/images\/core\/emoji\/17.0.2\/svg\/1f449.svg\"> asiakkaan oma kuva. l\u00e4het\u00e4 tuttuun tapaan s\u00e4hk\u00f6postilla\n<img decoding=\"async\" draggable=\"true\" role=\"img\" class=\"emoji\" alt=\"\ud83d\udc49\" src=\"https:\/\/s.w.org\/images\/core\/emoji\/17.0.2\/svg\/1f449.svg\"> moottoripy\u00f6r\u00e4, koira, auto, logo, mit\u00e4 vaan\n<img decoding=\"async\" draggable=\"true\" role=\"img\" class=\"emoji\" alt=\"\ud83d\udc49\" src=\"https:\/\/s.w.org\/images\/core\/emoji\/17.0.2\/svg\/1f449.svg\"> tai Hellulandian oma ronski teksti  \n<img decoding=\"async\" draggable=\"true\" role=\"img\" class=\"emoji\" alt=\"\ud83d\udca1\" src=\"https:\/\/s.w.org\/images\/core\/emoji\/17.0.2\/svg\/1f4a1.svg\"> IDEOITA MUKIIN\nJos et tied\u00e4 mit\u00e4 laittaa:\n\u201cVituttaa mutta toimii\u201d\n\u201cT\u00e4m\u00e4 on mun selviytymismuki\u201d\nmoottoripy\u00f6r\u00e4kuva + nimi\noma logo tai jengi\n\u201c\u00e4l\u00e4 koske mun kahviin\u201d  \n<img decoding=\"async\" draggable=\"true\" role=\"img\" class=\"emoji\" alt=\"\ud83d\udc49\" src=\"https:\/\/s.w.org\/images\/core\/emoji\/17.0.2\/svg\/1f449.svg\"> mit\u00e4 yksinkertaisempi, sit\u00e4 parempi lopputulos.<\/p>\n<p>\n<img decoding=\"async\" draggable=\"true\" role=\"img\" class=\"emoji\" alt=\"\ud83d\udd25\" src=\"https:\/\/s.w.org\/images\/core\/emoji\/17.0.2\/svg\/1f525.svg\"> MISS\u00c4 T\u00c4T\u00c4 K\u00c4YTET\u00c4\u00c4N?\n\nmoottoripy\u00f6r\u00e4tapahtumat  \n\nlahjat kaverille  \n\nty\u00f6paikat ja reissut  \n\nulkoilu ja retket  \n\nihmiset joilla on liikaa tavaraa mutta ei oikeaa mukia\n\n<img decoding=\"async\" draggable=\"true\" role=\"img\" class=\"emoji\" alt=\"\ud83e\udde0\" src=\"https:\/\/s.w.org\/images\/core\/emoji\/17.0.2\/svg\/1f9e0.svg\"> MIKSI T\u00c4M\u00c4 TOIMII?\nKoska t\u00e4m\u00e4 ei ole \u201chieno muki\u201d. T\u00e4m\u00e4 on:  \n\nk\u00e4yt\u00e4nn\u00f6llinen  \n\nkest\u00e4v\u00e4  \n\nhenkil\u00f6kohtainen  \n\nv\u00e4h\u00e4n ronski\n\nJa sellainen j\u00e4\u00e4 k\u00e4ytt\u00f6\u00f6n.<\/p>\n<p><br><\/p>\n\n\n\n\n\n\n\n\n\n\n\n\n\n\n\n\nMUKIN TILAUSOHJE\n<p><ul><li>&#8211; Valitse ensin muki joka tuntuu eniten sun jutulta, karabiini-ter\u00e4smuki, posliinimuki tai taikamuki. <\/li><\/ul><\/p>\n<p><ul><li>P\u00e4\u00e4t\u00e4 haluatko valmiin designin vai oman version.<\/li><\/ul><\/p>\n<p><ul><li> Jos teet oman, lis\u00e4\u00e4 mukaan kuvat ja tekstit, max 5 kuvaa ja 5 teksti\u00e4 riitt\u00e4\u00e4 hyvin. <\/li><\/ul><\/p>\n<p><ul><li>Pid\u00e4 homma yksinkertaisena, lyhyt ja suora toimii parhaiten. <\/li><\/ul><\/p>\n<p><ul><li>Tarkista milt\u00e4 kokonaisuus n\u00e4ytt\u00e4\u00e4, jos se tuntuu v\u00e4h\u00e4n v\u00e4\u00e4r\u00e4lt\u00e4 mutta naurattaa, olet oikeilla j\u00e4ljill\u00e4. <\/li><\/ul><\/p>\n<p><ul><li>Kun kaikki on ok, tee tilaus ja laita se sis\u00e4\u00e4n. <\/li><\/ul><\/p>\n<p><ul><li>Jos haluat lis\u00e4t\u00e4 teksti\u00e4 tai tarkentaa jotain, voit laittaa ne my\u00f6s s\u00e4hk\u00f6postilla. <\/li><\/ul><\/p>\n<p><ul><li>Me tehd\u00e4\u00e4n muki sublimoimalla kuva suoraan pintaan, eli lopputulos kest\u00e4\u00e4 k\u00e4ytt\u00f6\u00e4 eik\u00e4 ole mik\u00e4\u00e4n irtoava tarra.<\/li><\/ul><\/p>\n<p><ul><li> Jokainen muki tehd\u00e4\u00e4n tilauksen mukaan, joten pieni vaihtelu kuuluu asiaan. <\/li><\/ul><\/p>\n<p><ul><li>Tee oma ja anna menn\u00e4.<\/li><\/ul><\/p>\n\n\n\n\n\n\n\n","protected":false},"excerpt":{"rendered":"","protected":false},"author":1,"featured_media":0,"parent":0,"menu_order":0,"comment_status":"closed","ping_status":"closed","template":"","meta":{"pagelayer_contact_templates":[],"_pagelayer_content":"","footnotes":""},"class_list":["post-92","page","type-page","status-publish","hentry"],"_links":{"self":[{"href":"https:\/\/diy.hellulandia.fi\/index.php?rest_route=\/wp\/v2\/pages\/92","targetHints":{"allow":["GET"]}}],"collection":[{"href":"https:\/\/diy.hellulandia.fi\/index.php?rest_route=\/wp\/v2\/pages"}],"about":[{"href":"https:\/\/diy.hellulandia.fi\/index.php?rest_route=\/wp\/v2\/types\/page"}],"author":[{"embeddable":true,"href":"https:\/\/diy.hellulandia.fi\/index.php?rest_route=\/wp\/v2\/users\/1"}],"replies":[{"embeddable":true,"href":"https:\/\/diy.hellulandia.fi\/index.php?rest_route=%2Fwp%2Fv2%2Fcomments&post=92"}],"version-history":[{"count":4,"href":"https:\/\/diy.hellulandia.fi\/index.php?rest_route=\/wp\/v2\/pages\/92\/revisions"}],"predecessor-version":[{"id":137,"href":"https:\/\/diy.hellulandia.fi\/index.php?rest_route=\/wp\/v2\/pages\/92\/revisions\/137"}],"wp:attachment":[{"href":"https:\/\/diy.hellulandia.fi\/index.php?rest_route=%2Fwp%2Fv2%2Fmedia&parent=92"}],"curies":[{"name":"wp","href":"https:\/\/api.w.org\/{rel}","templated":true}]}}